{"id":12513,"date":"2021-02-04T12:40:48","date_gmt":"2021-02-04T12:40:48","guid":{"rendered":"https:\/\/clientes.fernandocarrujo.com\/jfcanaviais\/?page_id=12513"},"modified":"2021-02-04T12:52:35","modified_gmt":"2021-02-04T12:52:35","slug":"da-gosto-viver-aqui","status":"publish","type":"page","link":"https:\/\/clientes.fernandocarrujo.com\/jfcanaviais\/da-gosto-viver-aqui\/","title":{"rendered":"D\u00c1 GOSTO VIVER AQUI"},"content":{"rendered":"\t\t<div data-elementor-type=\"wp-page\" data-elementor-id=\"12513\" class=\"elementor elementor-12513\" data-elementor-post-type=\"page\">\n\t\t\t\t\t\t<section class=\"elementor-section elementor-top-section elementor-element elementor-element-69ab2f2a elementor-section-boxed elementor-section-height-default elementor-section-height-default\" data-id=\"69ab2f2a\" data-element_type=\"section\" data-e-type=\"section\">\n\t\t\t\t\t\t<div class=\"elementor-container elementor-column-gap-default\">\n\t\t\t\t\t<div class=\"elementor-column elementor-col-100 elementor-top-column elementor-element elementor-element-44690293\" data-id=\"44690293\" data-element_type=\"column\" data-e-type=\"column\">\n\t\t\t<div class=\"elementor-widget-wrap elementor-element-populated\">\n\t\t\t\t\t\t<div class=\"elementor-element elementor-element-41d12bc2 elementor-widget elementor-widget-text-editor\" data-id=\"41d12bc2\" data-element_type=\"widget\" data-e-type=\"widget\" data-widget_type=\"text-editor.default\">\n\t\t\t\t<div class=\"elementor-widget-container\">\n\t\t\t\t\t\t\t\t\t\n<p>Nascemos mesmo ao lado de uma das mais belas cidades do mundo. Como ela, herd\u00e1mos o culto do que nos rodeia, do que os antepassados souberam construir, das tradi\u00e7\u00f5es que cuidaram em criar e preservar e da natureza que sempre foi generosa para n\u00f3s.<\/p>\n\n\n\n<p>A nossa hist\u00f3ria come\u00e7ou antes de n\u00f3s e, reconhecemos, h\u00e1-de perdurar para al\u00e9m de n\u00f3s. Primeiro e sem sobressalto, num convento antigo votado ao espiritual, depois e usando da maior for\u00e7a dos bra\u00e7os, no desbravar da paisagem que fez nascer quintas e quintinhas e, com elas, a oportunidade que uma terra farta d\u00e1 \u00e0 constru\u00e7\u00e3o de uma comunidade.<\/p>\n\n\n\n<p>Alma e est\u00f4mago fazem grandes povos.<\/p>\n\n\n\n<p>A \u00e1gua rega a terra, a terra \u00e9 generosa com quem a cuida e a riqueza que ela gera d\u00e1 sustento e tempo. Com melhor sustento e mais tempo homens e mulheres, com a intelig\u00eancia e a criatividade, apuraram t\u00e9cnicas, sementes e esp\u00e9cies e, como os alquimistas, desvenderam muitos segredos que hoje enchem as nossas mesas com uma das maiores riquezas do Alentejo: a gastronomia.<\/p>\n\n\n\n<p>Mas depois e com as promessas v\u00e3s do falso progresso a terra foi vendo muitos partirem, outros a dela desistirem e o sil\u00eancio e o pasto tomaram conta de quase toda a parte. Como se tudo adormecesse.<\/p>\n\n\n\n<p>A uma gera\u00e7\u00e3o sucede outra e a essa outra suceder\u00e1. E nelas \u00e9 comum que a sabedoria n\u00e3o se perca. Chamamos-lhe a mem\u00f3ria coletiva.<\/p>\n\n\n\n<p>Pois o antigo ganhou novo valor e a riqueza voltou a encontrar-se na terra. Como se se redescobrisse um tesouro. O sangue novo veio trazer nova energia e mais mundo. E uma nova alegria \u00e0queles que, n\u00e3o desistindo, fizeram de guardi\u00f5es ao que mais importava.<\/p>\n\n\n\n<p>A terra voltou a desbravar-se, os campos ganharam um novo vi\u00e7o e a comunidade construiu-se ainda mais pujante e com maiores la\u00e7os de afeto entre si. As mesas voltaram a animar-se, as ruas alongaram-se e, pura magia, os risos das crian\u00e7as voltou a inundar o p\u00e1tio da escola e os caminhos de volta a casa.<\/p>\n\n\n\n<p>Os Canaviais s\u00e3o hoje uma das mais jovens freguesias do Alentejo e est\u00e1 a crescer. O movimento na rua, o sorriso que os outros nos retribuem, a abund\u00e2ncia das nossas hortas, as mais demoradas conversas na rua, a correria alegre das nossas crian\u00e7as no recreio da escola, os almo\u00e7os demorados dos fins-de-semana em fam\u00edlia, a atividade ao ar livre, a vitalidade das nossas empresas, das associa\u00e7\u00f5es culturais, sociais e desportivas e as demonstra\u00e7\u00f5es p\u00fablicas da nossa cultura fazem-nos lembrar e valorizar o privil\u00e9gio que temos em viver numa terra de paz.<\/p>\n\n\n\n<p>D\u00e1 gosto viver aqui.<\/p>\n\t\t\t\t\t\t\t\t<\/div>\n\t\t\t\t<\/div>\n\t\t\t\t\t<\/div>\n\t\t<\/div>\n\t\t\t\t\t<\/div>\n\t\t<\/section>\n\t\t\t\t<\/div>\n\t\t","protected":false},"excerpt":{"rendered":"<p>Nascemos mesmo ao lado de uma das mais belas cidades do mundo. Como ela, herd\u00e1mos o culto do que nos rodeia, do que os antepassados souberam construir, das tradi\u00e7\u00f5es que cuidaram em criar e preservar e da natureza que sempre foi generosa para n\u00f3s. A nossa hist\u00f3ria come\u00e7ou antes de n\u00f3s e, reconhecemos, h\u00e1-de perdurar&#8230;<\/p>\n","protected":false},"author":1,"featured_media":0,"parent":0,"menu_order":0,"comment_status":"closed","ping_status":"closed","template":"","meta":{"footnotes":""},"class_list":["post-12513","page","type-page","status-publish","hentry"],"_links":{"self":[{"href":"https:\/\/clientes.fernandocarrujo.com\/jfcanaviais\/wp-json\/wp\/v2\/pages\/12513","targetHints":{"allow":["GET"]}}],"collection":[{"href":"https:\/\/clientes.fernandocarrujo.com\/jfcanaviais\/wp-json\/wp\/v2\/pages"}],"about":[{"href":"https:\/\/clientes.fernandocarrujo.com\/jfcanaviais\/wp-json\/wp\/v2\/types\/page"}],"author":[{"embeddable":true,"href":"https:\/\/clientes.fernandocarrujo.com\/jfcanaviais\/wp-json\/wp\/v2\/users\/1"}],"replies":[{"embeddable":true,"href":"https:\/\/clientes.fernandocarrujo.com\/jfcanaviais\/wp-json\/wp\/v2\/comments?post=12513"}],"version-history":[{"count":10,"href":"https:\/\/clientes.fernandocarrujo.com\/jfcanaviais\/wp-json\/wp\/v2\/pages\/12513\/revisions"}],"predecessor-version":[{"id":12526,"href":"https:\/\/clientes.fernandocarrujo.com\/jfcanaviais\/wp-json\/wp\/v2\/pages\/12513\/revisions\/12526"}],"wp:attachment":[{"href":"https:\/\/clientes.fernandocarrujo.com\/jfcanaviais\/wp-json\/wp\/v2\/media?parent=12513"}],"curies":[{"name":"wp","href":"https:\/\/api.w.org\/{rel}","templated":true}]}}