{"id":12648,"date":"2021-02-04T16:48:30","date_gmt":"2021-02-04T16:48:30","guid":{"rendered":"https:\/\/clientes.fernandocarrujo.com\/jfcanaviais\/?page_id=12648"},"modified":"2026-03-09T15:34:46","modified_gmt":"2026-03-09T15:34:46","slug":"mensagem-do-presidente","status":"publish","type":"page","link":"https:\/\/clientes.fernandocarrujo.com\/jfcanaviais\/mensagem-do-presidente\/","title":{"rendered":"MENSAGEM DA PRESIDENTE"},"content":{"rendered":"\t\t<div data-elementor-type=\"wp-page\" data-elementor-id=\"12648\" class=\"elementor elementor-12648\" data-elementor-post-type=\"page\">\n\t\t\t\t\t\t<section class=\"elementor-section elementor-top-section elementor-element elementor-element-0c52677 elementor-section-boxed elementor-section-height-default elementor-section-height-default\" data-id=\"0c52677\" data-element_type=\"section\" data-e-type=\"section\">\n\t\t\t\t\t\t<div class=\"elementor-container elementor-column-gap-default\">\n\t\t\t\t\t<div class=\"elementor-column elementor-col-100 elementor-top-column elementor-element elementor-element-b3feb9e\" data-id=\"b3feb9e\" data-element_type=\"column\" data-e-type=\"column\">\n\t\t\t<div class=\"elementor-widget-wrap elementor-element-populated\">\n\t\t\t\t<div class=\"elementor-element elementor-element-3b9e400 e-flex e-con-boxed e-con e-parent\" data-id=\"3b9e400\" data-element_type=\"container\" data-e-type=\"container\">\n\t\t\t\t\t<div class=\"e-con-inner\">\n\t\t<div class=\"elementor-element elementor-element-e18a9d5 e-con-full e-flex e-con e-child\" data-id=\"e18a9d5\" data-element_type=\"container\" data-e-type=\"container\">\n\t\t\t\t<div class=\"elementor-element elementor-element-b75563f elementor-widget elementor-widget-image\" data-id=\"b75563f\" data-element_type=\"widget\" data-e-type=\"widget\" data-widget_type=\"image.default\">\n\t\t\t\t<div class=\"elementor-widget-container\">\n\t\t\t\t\t\t\t\t\t\t\t\t\t\t\t\t<a href=\"https:\/\/clientes.fernandocarrujo.com\/jfcanaviais\/wp-content\/uploads\/2026\/03\/jfcanaviais-tomada-posse-2025-foto2-e1773069978457.jpg\" data-elementor-open-lightbox=\"yes\" data-elementor-lightbox-title=\"jfcanaviais-tomada-posse-2025-foto2\" data-e-action-hash=\"#elementor-action%3Aaction%3Dlightbox%26settings%3DeyJpZCI6MTQ0MTQsInVybCI6Imh0dHBzOlwvXC9jbGllbnRlcy5mZXJuYW5kb2NhcnJ1am8uY29tXC9qZmNhbmF2aWFpc1wvd3AtY29udGVudFwvdXBsb2Fkc1wvMjAyNlwvMDNcL2pmY2FuYXZpYWlzLXRvbWFkYS1wb3NzZS0yMDI1LWZvdG8yLWUxNzczMDY5OTc4NDU3LmpwZyJ9\">\n\t\t\t\t\t\t\t<img fetchpriority=\"high\" decoding=\"async\" width=\"900\" height=\"1235\" src=\"https:\/\/clientes.fernandocarrujo.com\/jfcanaviais\/wp-content\/uploads\/2026\/03\/jfcanaviais-tomada-posse-2025-foto2-e1773069978457.jpg\" class=\"attachment-full size-full wp-image-14414\" alt=\"\" srcset=\"https:\/\/clientes.fernandocarrujo.com\/jfcanaviais\/wp-content\/uploads\/2026\/03\/jfcanaviais-tomada-posse-2025-foto2-e1773069978457.jpg 900w, https:\/\/clientes.fernandocarrujo.com\/jfcanaviais\/wp-content\/uploads\/2026\/03\/jfcanaviais-tomada-posse-2025-foto2-e1773069978457-219x300.jpg 219w, https:\/\/clientes.fernandocarrujo.com\/jfcanaviais\/wp-content\/uploads\/2026\/03\/jfcanaviais-tomada-posse-2025-foto2-e1773069978457-746x1024.jpg 746w, https:\/\/clientes.fernandocarrujo.com\/jfcanaviais\/wp-content\/uploads\/2026\/03\/jfcanaviais-tomada-posse-2025-foto2-e1773069978457-768x1054.jpg 768w\" sizes=\"(max-width: 900px) 100vw, 900px\" \/>\t\t\t\t\t\t\t\t<\/a>\n\t\t\t\t\t\t\t\t\t\t\t\t\t\t\t<\/div>\n\t\t\t\t<\/div>\n\t\t\t\t<\/div>\n\t\t<div class=\"elementor-element elementor-element-9e865ed e-con-full e-flex e-con e-child\" data-id=\"9e865ed\" data-element_type=\"container\" data-e-type=\"container\">\n\t\t\t\t<div class=\"elementor-element elementor-element-6da2afd elementor-widget elementor-widget-image\" data-id=\"6da2afd\" data-element_type=\"widget\" data-e-type=\"widget\" data-widget_type=\"image.default\">\n\t\t\t\t<div class=\"elementor-widget-container\">\n\t\t\t\t\t\t\t\t\t\t\t\t\t\t\t\t<a href=\"https:\/\/clientes.fernandocarrujo.com\/jfcanaviais\/wp-content\/uploads\/2026\/03\/jfcanaviais-tomada-posse-2025-e1773068604343.jpg\" data-elementor-open-lightbox=\"yes\" data-elementor-lightbox-title=\"jfcanaviais-tomada-posse-2025\" data-e-action-hash=\"#elementor-action%3Aaction%3Dlightbox%26settings%3DeyJpZCI6MTQ0MDAsInVybCI6Imh0dHBzOlwvXC9jbGllbnRlcy5mZXJuYW5kb2NhcnJ1am8uY29tXC9qZmNhbmF2aWFpc1wvd3AtY29udGVudFwvdXBsb2Fkc1wvMjAyNlwvMDNcL2pmY2FuYXZpYWlzLXRvbWFkYS1wb3NzZS0yMDI1LWUxNzczMDY4NjA0MzQzLmpwZyJ9\">\n\t\t\t\t\t\t\t<img decoding=\"async\" width=\"896\" height=\"1230\" src=\"https:\/\/clientes.fernandocarrujo.com\/jfcanaviais\/wp-content\/uploads\/2026\/03\/jfcanaviais-tomada-posse-2025-e1773068604343.jpg\" class=\"attachment-full size-full wp-image-14400\" alt=\"\" srcset=\"https:\/\/clientes.fernandocarrujo.com\/jfcanaviais\/wp-content\/uploads\/2026\/03\/jfcanaviais-tomada-posse-2025-e1773068604343.jpg 896w, https:\/\/clientes.fernandocarrujo.com\/jfcanaviais\/wp-content\/uploads\/2026\/03\/jfcanaviais-tomada-posse-2025-e1773068604343-219x300.jpg 219w, https:\/\/clientes.fernandocarrujo.com\/jfcanaviais\/wp-content\/uploads\/2026\/03\/jfcanaviais-tomada-posse-2025-e1773068604343-746x1024.jpg 746w, https:\/\/clientes.fernandocarrujo.com\/jfcanaviais\/wp-content\/uploads\/2026\/03\/jfcanaviais-tomada-posse-2025-e1773068604343-768x1054.jpg 768w\" sizes=\"(max-width: 896px) 100vw, 896px\" \/>\t\t\t\t\t\t\t\t<\/a>\n\t\t\t\t\t\t\t\t\t\t\t\t\t\t\t<\/div>\n\t\t\t\t<\/div>\n\t\t\t\t<\/div>\n\t\t<div class=\"elementor-element elementor-element-94fb469 e-con-full e-flex e-con e-child\" data-id=\"94fb469\" data-element_type=\"container\" data-e-type=\"container\">\n\t\t\t\t<div class=\"elementor-element elementor-element-64dd984 elementor-widget elementor-widget-image\" data-id=\"64dd984\" data-element_type=\"widget\" data-e-type=\"widget\" data-widget_type=\"image.default\">\n\t\t\t\t<div class=\"elementor-widget-container\">\n\t\t\t\t\t\t\t\t\t\t\t\t\t\t\t\t<a href=\"https:\/\/clientes.fernandocarrujo.com\/jfcanaviais\/wp-content\/uploads\/2026\/03\/jfcanaviais-tomada-posse-2025-foto-3-896px-e1773070438221.jpg\" data-elementor-open-lightbox=\"yes\" data-elementor-lightbox-title=\"jfcanaviais-tomada-posse-2025-foto-3-896px\" data-e-action-hash=\"#elementor-action%3Aaction%3Dlightbox%26settings%3DeyJpZCI6MTQ0MTYsInVybCI6Imh0dHBzOlwvXC9jbGllbnRlcy5mZXJuYW5kb2NhcnJ1am8uY29tXC9qZmNhbmF2aWFpc1wvd3AtY29udGVudFwvdXBsb2Fkc1wvMjAyNlwvMDNcL2pmY2FuYXZpYWlzLXRvbWFkYS1wb3NzZS0yMDI1LWZvdG8tMy04OTZweC1lMTc3MzA3MDQzODIyMS5qcGcifQ%3D%3D\">\n\t\t\t\t\t\t\t<img decoding=\"async\" width=\"896\" height=\"1230\" src=\"https:\/\/clientes.fernandocarrujo.com\/jfcanaviais\/wp-content\/uploads\/2026\/03\/jfcanaviais-tomada-posse-2025-foto-3-896px-e1773070438221.jpg\" class=\"attachment-full size-full wp-image-14416\" alt=\"\" srcset=\"https:\/\/clientes.fernandocarrujo.com\/jfcanaviais\/wp-content\/uploads\/2026\/03\/jfcanaviais-tomada-posse-2025-foto-3-896px-e1773070438221.jpg 896w, https:\/\/clientes.fernandocarrujo.com\/jfcanaviais\/wp-content\/uploads\/2026\/03\/jfcanaviais-tomada-posse-2025-foto-3-896px-e1773070438221-219x300.jpg 219w, https:\/\/clientes.fernandocarrujo.com\/jfcanaviais\/wp-content\/uploads\/2026\/03\/jfcanaviais-tomada-posse-2025-foto-3-896px-e1773070438221-746x1024.jpg 746w, https:\/\/clientes.fernandocarrujo.com\/jfcanaviais\/wp-content\/uploads\/2026\/03\/jfcanaviais-tomada-posse-2025-foto-3-896px-e1773070438221-768x1054.jpg 768w\" sizes=\"(max-width: 896px) 100vw, 896px\" \/>\t\t\t\t\t\t\t\t<\/a>\n\t\t\t\t\t\t\t\t\t\t\t\t\t\t\t<\/div>\n\t\t\t\t<\/div>\n\t\t\t\t<\/div>\n\t\t\t\t\t<\/div>\n\t\t\t\t<\/div>\n\t\t\t\t<div class=\"elementor-element elementor-element-928a674 elementor-widget elementor-widget-text-editor\" data-id=\"928a674\" data-element_type=\"widget\" data-e-type=\"widget\" data-widget_type=\"text-editor.default\">\n\t\t\t\t<div class=\"elementor-widget-container\">\n\t\t\t\t\t\t\t\t\t<p>Tomada de Posse dos \u00d3rg\u00e3os Aut\u00e1rquicos da Freguesia dos Canaviais \u2013 Mandato 2025\/2029<\/p>\t\t\t\t\t\t\t\t<\/div>\n\t\t\t\t<\/div>\n\t\t\t\t<div class=\"elementor-element elementor-element-a84717c elementor-widget elementor-widget-spacer\" data-id=\"a84717c\" data-element_type=\"widget\" data-e-type=\"widget\" data-widget_type=\"spacer.default\">\n\t\t\t\t<div class=\"elementor-widget-container\">\n\t\t\t\t\t\t\t<div class=\"elementor-spacer\">\n\t\t\t<div class=\"elementor-spacer-inner\"><\/div>\n\t\t<\/div>\n\t\t\t\t\t\t<\/div>\n\t\t\t\t<\/div>\n\t\t\t\t<div class=\"elementor-element elementor-element-c6648ef elementor-widget elementor-widget-image-box\" data-id=\"c6648ef\" data-element_type=\"widget\" data-e-type=\"widget\" data-widget_type=\"image-box.default\">\n\t\t\t\t<div class=\"elementor-widget-container\">\n\t\t\t\t\t<div class=\"elementor-image-box-wrapper\"><div class=\"elementor-image-box-content\"><h3 class=\"elementor-image-box-title\">\u201cQuem me conhece sabe que minha prioridade s\u00e3o as PESSOAS\u201d<\/h3><p class=\"elementor-image-box-description\">Pretendemos dar um contributo para o crescimento da nossa freguesia, proporcionando a todas\/os melhoria das condi\u00e7\u00f5es de vida, dentro das compet\u00eancias atribu\u00eddas \u00e1 Junta de Freguesia e \u00e0s possibilidades dispon\u00edveis.<br><br>\n\nTemos Presente que muito trabalho nos espera; mas com a Equipa motivada, que se apresenta, e com o vosso apoio e contributo, iremos conseguir Valorizar a nossa Freguesia; as Pessoas; as Institui\u00e7\u00f5es; o saber acumulado; as tradi\u00e7\u00f5es e as inova\u00e7\u00f5es; a coopera\u00e7\u00e3o; a interajuda e a prossecu\u00e7\u00e3o do interesse p\u00fablico.<br><br>\n\nQueremos o envolvimento e a participa\u00e7\u00e3o de todos, a vis\u00e3o e opini\u00e3o de cada um conta, para que possamos fazer mais e melhor de uma forma justa e imparcial.\n\nComo j\u00e1 dissemos estaremos sempre dispon\u00edveis a novos contributos, mas contamos com todos v\u00f3s e da nossa parte garantimos o nosso empenho ,trabalho e dedica\u00e7\u00e3o.<br><br>\n\n\n<p style=\"font-style: italic\"><b> Bernarda Cota<\/b><br>\nA Presidente da Junta de Freguesia de Canaviais<\/p><\/p><\/div><\/div>\t\t\t\t<\/div>\n\t\t\t\t<\/div>\n\t\t\t\t<div class=\"elementor-element elementor-element-f532fce elementor-widget elementor-widget-spacer\" data-id=\"f532fce\" data-element_type=\"widget\" data-e-type=\"widget\" data-widget_type=\"spacer.default\">\n\t\t\t\t<div class=\"elementor-widget-container\">\n\t\t\t\t\t\t\t<div class=\"elementor-spacer\">\n\t\t\t<div class=\"elementor-spacer-inner\"><\/div>\n\t\t<\/div>\n\t\t\t\t\t\t<\/div>\n\t\t\t\t<\/div>\n\t\t\t\t\t<\/div>\n\t\t<\/div>\n\t\t\t\t\t<\/div>\n\t\t<\/section>\n\t\t\t\t<\/div>\n\t\t","protected":false},"excerpt":{"rendered":"<p>Tomada de Posse dos \u00d3rg\u00e3os Aut\u00e1rquicos da Freguesia dos Canaviais \u2013 Mandato 2025\/2029 \u201cQuem me conhece sabe que minha prioridade s\u00e3o as PESSOAS\u201d Pretendemos dar um contributo para o crescimento da nossa freguesia, proporcionando a todas\/os melhoria das condi\u00e7\u00f5es de vida, dentro das compet\u00eancias atribu\u00eddas \u00e1 Junta de Freguesia e \u00e0s possibilidades dispon\u00edveis. Temos Presente&#8230;<\/p>\n","protected":false},"author":1,"featured_media":0,"parent":0,"menu_order":0,"comment_status":"closed","ping_status":"closed","template":"","meta":{"footnotes":""},"class_list":["post-12648","page","type-page","status-publish","hentry"],"_links":{"self":[{"href":"https:\/\/clientes.fernandocarrujo.com\/jfcanaviais\/wp-json\/wp\/v2\/pages\/12648","targetHints":{"allow":["GET"]}}],"collection":[{"href":"https:\/\/clientes.fernandocarrujo.com\/jfcanaviais\/wp-json\/wp\/v2\/pages"}],"about":[{"href":"https:\/\/clientes.fernandocarrujo.com\/jfcanaviais\/wp-json\/wp\/v2\/types\/page"}],"author":[{"embeddable":true,"href":"https:\/\/clientes.fernandocarrujo.com\/jfcanaviais\/wp-json\/wp\/v2\/users\/1"}],"replies":[{"embeddable":true,"href":"https:\/\/clientes.fernandocarrujo.com\/jfcanaviais\/wp-json\/wp\/v2\/comments?post=12648"}],"version-history":[{"count":36,"href":"https:\/\/clientes.fernandocarrujo.com\/jfcanaviais\/wp-json\/wp\/v2\/pages\/12648\/revisions"}],"predecessor-version":[{"id":14428,"href":"https:\/\/clientes.fernandocarrujo.com\/jfcanaviais\/wp-json\/wp\/v2\/pages\/12648\/revisions\/14428"}],"wp:attachment":[{"href":"https:\/\/clientes.fernandocarrujo.com\/jfcanaviais\/wp-json\/wp\/v2\/media?parent=12648"}],"curies":[{"name":"wp","href":"https:\/\/api.w.org\/{rel}","templated":true}]}}