{"id":12951,"date":"2021-02-07T15:56:23","date_gmt":"2021-02-07T15:56:23","guid":{"rendered":"https:\/\/clientes.fernandocarrujo.com\/jfcanaviais\/?page_id=12951"},"modified":"2021-02-07T16:13:28","modified_gmt":"2021-02-07T16:13:28","slug":"politica-de-cookies","status":"publish","type":"page","link":"https:\/\/clientes.fernandocarrujo.com\/jfcanaviais\/politica-de-cookies\/","title":{"rendered":"Pol\u00edtica de Cookies"},"content":{"rendered":"\n<h2 class=\"wp-block-heading\">Pol\u00edtica de Cookies<\/h2>\n\n\n\n<p><strong>\u00daltima actualiza\u00e7\u00e3o: 8 de Fevereiro de 2021<\/strong><\/p>\n\n\n\n<p>Esta Pol\u00edtica de Cookies explica como a p\u00e1gina da JUNTA DE FREGUESIA DE CANAVIAIS utiliza cookies e tecnologias semelhantes para o reconhecer quando visita o nosso website em <a rel=\"noreferrer noopener\" href=\"https:\/\/clientes.fernandocarrujo.com\/jfcanaviais\/\" target=\"_blank\">https:\/\/clientes.fernandocarrujo.com\/jfcanaviais\/<\/a>. Explica o que s\u00e3o estas tecnologias e porque as utilizamos, bem como os seus direitos para controlar a nossa utiliza\u00e7\u00e3o das mesmas.<br>Em alguns casos, podemos utilizar cookies para recolher informa\u00e7\u00f5es pessoais, ou que se tornam informa\u00e7\u00f5es pessoais se as combinarmos com outras informa\u00e7\u00f5es.<\/p>\n\n\n\n<p><strong>O QUE S\u00c3O COOKIES?<\/strong><\/p>\n\n\n\n<p>Os cookies s\u00e3o pequenos ficheiros de dados que s\u00e3o colocados no seu computador ou dispositivo m\u00f3vel quando visita um website. Os cookies s\u00e3o amplamente utilizados pelos propriet\u00e1rios de s\u00edtios web para fazer funcionar os seus s\u00edtios web, ou para funcionar de forma mais eficiente, bem como para facultar informa\u00e7\u00e3o estat\u00edstica.<\/p>\n\n\n\n<p>Os cookies estabelecidos pelo propriet\u00e1rio do website (neste caso, a Junta de Freguesia dos Canaviais) s\u00e3o chamados &#8220;cookies de primeira inst\u00e2ncia&#8221;. Os cookies estabelecidos por outras partes que n\u00e3o o propriet\u00e1rio do s\u00edtio web s\u00e3o denominados &#8220;cookies de terceiros&#8221;. Os cookies de terceiros permitem que caracter\u00edsticas ou funcionalidades de terceiros sejam fornecidas no website ou atrav\u00e9s dele (por exemplo, como publicidade, conte\u00fado interactivo e anal\u00edtico). As partes que definem estes cookies de terceiros podem reconhecer o seu computador tanto quando este visita o website em quest\u00e3o como quando visita outros websites.<\/p>\n\n\n\n<p><strong>PORQUE \u00c9 QUE USAMOS COOKIES?<\/strong><\/p>\n\n\n\n<p>Utilizamos cookies de primeira inst\u00e2ncia e de terceiros por v\u00e1rias raz\u00f5es. Alguns cookies s\u00e3o necess\u00e1rios por raz\u00f5es t\u00e9cnicas para que o nosso Website funcione, e referimo-nos a eles como cookies &#8220;essenciais&#8221; ou &#8220;estritamente necess\u00e1rios&#8221;. Outros cookies tamb\u00e9m nos permitem rastrear e visar os interesses dos nossos utilizadores para melhorar a experi\u00eancia de navega\u00e7\u00e3o. Terceiros servem cookies atrav\u00e9s dos nossos Websites para fins publicit\u00e1rios, anal\u00edticos e outros.<\/p>\n\n\n\n<p><strong>COMO POSSO CONTROLAR OS COOKIES?<\/strong><\/p>\n\n\n\n<p>Tem o direito de decidir se aceita ou rejeita os cookies. Se optar por rejeitar cookies, poder\u00e1 continuar a utilizar o nosso website, embora o seu acesso a algumas funcionalidades e \u00e1reas do nosso website possa ser restringido. Pode tamb\u00e9m definir ou alterar os controlos do seu navegador da web para aceitar ou recusar cookies. Como os meios pelos quais pode recusar cookies atrav\u00e9s dos controlos do seu navegador da web variam de navegador para navegador, dever\u00e1 visitar o menu de ajuda do seu navegador para mais informa\u00e7\u00f5es.<\/p>\n\n\n\n<p>Adicionalmente, a maioria das redes de publicidade oferecem-lhe uma solu\u00e7\u00e3o para n\u00e3o permitir publicidade direccionada. Se desejar obter mais informa\u00e7\u00f5es, por favor visite&nbsp;<a href=\"http:\/\/www.aboutads.info\/choices\/\">http:\/\/www.aboutads.info\/choices\/<\/a>&nbsp;ou&nbsp;<a href=\"http:\/\/www.youronlinechoices.com\/\">http:\/\/www.youronlinechoices.com<\/a>.<\/p>\n\n\n\n<p><strong>E OUTRAS TECNOLOGIAS DE RASTREIO, COMO AS WEB BEACONS?<\/strong><\/p>\n\n\n\n<p>Os cookies n\u00e3o s\u00e3o a \u00fanica forma de reconhecer ou seguir os visitantes de um website. Ocasionalmente, podemos utilizar outras tecnologias semelhantes, como os web beacons (por vezes chamados &#8220;tracking pixels&#8221; ou &#8220;clear gifs&#8221;). Estes s\u00e3o pequenos ficheiros gr\u00e1ficos que cont\u00eam um identificador \u00fanico que nos permite reconhecer quando algu\u00e9m visitou o nosso website ou abriu um e-mail que continha esse identificador. Isto permite-nos, por exemplo, monitorizar os padr\u00f5es de tr\u00e1fego dos utilizadores de um Website para outro, fornecer ou comunicar com cookies, compreender se chegou ao Website a partir de um an\u00fancio em linha exibido num Website de terceiros, melhorar o desempenho do Website, e medir o sucesso das campanhas de marketing por e-mail. Em muitos casos, estas tecnologias dependem de cookies para funcionarem correctamente, pelo que o decl\u00ednio de cookies ir\u00e1 prejudicar o seu funcionamento.<\/p>\n\n\n\n<p><strong>UTILIZA COOKIES FLASH OU OBJECTOS DE PARTILHA LOCAL?<\/strong><\/p>\n\n\n\n<p>Os websites podem tamb\u00e9m utilizar os chamados &#8220;Flash Cookies&#8221; (tamb\u00e9m conhecidos como Objectos de Partilha Local) para, entre outros, recolher e armazenar informa\u00e7\u00f5es sobre a sua utiliza\u00e7\u00e3o dos nossos servi\u00e7os, preven\u00e7\u00e3o de fraudes e para outras opera\u00e7\u00f5es do website.<\/p>\n\n\n\n<p>Se n\u00e3o quiser os Flash Cookies armazenados no seu computador, pode ajustar as defini\u00e7\u00f5es do seu leitor Flash para bloquear o armazenamento de Flash Cookies utilizando as ferramentas contidas no Painel de Defini\u00e7\u00f5es de Armazenamento do Website. Tamb\u00e9m pode controlar os Flash Cookies indo ao Painel de Defini\u00e7\u00f5es de Armazenamento Global e seguindo as instru\u00e7\u00f5es (que podem incluir instru\u00e7\u00f5es que expliquem, por exemplo, como apagar os Flash Cookies existentes (referidos como &#8220;informa\u00e7\u00e3o&#8221; no site Macromedia), como evitar que os Flash LSOs sejam colocados no seu computador sem que o utilizador seja solicitado, e (para o Flash Player 8 e posteriores) como bloquear os Flash Cookies que n\u00e3o est\u00e3o a ser entregues pelo operador da p\u00e1gina em que se encontra no momento).<\/p>\n\n\n\n<p>Note que a configura\u00e7\u00e3o do Flash Player para restringir ou limitar a aceita\u00e7\u00e3o de Flash Cookies pode reduzir ou impedir a funcionalidade de algumas aplica\u00e7\u00f5es Flash, incluindo, potencialmente, aplica\u00e7\u00f5es Flash utilizadas em liga\u00e7\u00e3o com os nossos servi\u00e7os ou conte\u00fados on-line.<\/p>\n\n\n\n<p><strong>TEM PUBLICIDADE DIRECCIONADA?<\/strong><\/p>\n\n\n\n<p>Terceiros podem utilizar cookies no seu computador ou dispositivo m\u00f3vel para servir publicidade atrav\u00e9s do nosso Website. Estas empresas podem utilizar informa\u00e7\u00f5es sobre as suas visitas a este e a outros Websites a fim de fornecerem an\u00fancios relevantes sobre bens e servi\u00e7os em que possa estar interessado. Podem tamb\u00e9m utilizar tecnologia que \u00e9 utilizada para medir a efic\u00e1cia dos an\u00fancios. Isto pode ser conseguido por elas utilizando cookies ou web beacons para recolher informa\u00e7\u00f5es sobre as suas visitas a este e a outros Websites, a fim de fornecerem an\u00fancios relevantes sobre bens e servi\u00e7os de potencial interesse para si. As informa\u00e7\u00f5es recolhidas atrav\u00e9s deste processo n\u00e3o nos permitem identificar o seu nome, detalhes de contacto ou outros detalhes que o identifiquem directamente, a menos que opte por fornec\u00ea-los.<\/p>\n\n\n\n<p><strong>COM QUE FREQU\u00caNCIA IR\u00c1 ACTUALIZAR ESTA POL\u00cdTICA DE COOKIES?<\/strong><\/p>\n\n\n\n<p>Podemos actualizar esta Pol\u00edtica de Cookies de ocasionalmente a fim de reflectir, por exemplo, altera\u00e7\u00f5es aos cookies que utilizamos ou por outras raz\u00f5es operacionais, legais ou regulamentares. Por conseguinte, queira visitar esta Pol\u00edtica de Cookies regularmente para se manter informado sobre a nossa utiliza\u00e7\u00e3o de cookies e tecnologias relacionadas.<\/p>\n\n\n\n<p>A data no topo desta Pol\u00edtica de Cookies indica quando foi actualizada pela \u00faltima vez.<\/p>\n\n\n\n<p><strong>ONDE POSSO OBTER MAIS INFORMA\u00c7\u00d5ES?<\/strong><\/p>\n\n\n\n<p>Se tiver qualquer d\u00favida sobre a nossa utiliza\u00e7\u00e3o de cookies ou outras tecnologias, envie-nos um e-mail para <a href=\"mailto:jfcanaviais@jfcanaviais.net\">jfcanaviais@jfcanaviais.net<\/a> ou pelo correio para:<\/p>\n\n\n\n<p>Junta de Freguesia de Canaviais,<br>Pra\u00e7a Jos\u00e9 Joaquim Calado Piteira, n.\u00ba1<br>7005 -247 Canaviais<br>Portugal<\/p>\n","protected":false},"excerpt":{"rendered":"<p>Pol\u00edtica de Cookies \u00daltima actualiza\u00e7\u00e3o: 8 de Fevereiro de 2021 Esta Pol\u00edtica de Cookies explica como a p\u00e1gina da JUNTA DE FREGUESIA DE CANAVIAIS utiliza cookies e tecnologias semelhantes para o reconhecer quando visita o nosso website em https:\/\/clientes.fernandocarrujo.com\/jfcanaviais\/. Explica o que s\u00e3o estas tecnologias e porque as utilizamos, bem como os seus direitos para&#8230;<\/p>\n","protected":false},"author":1,"featured_media":0,"parent":0,"menu_order":0,"comment_status":"closed","ping_status":"closed","template":"","meta":{"footnotes":""},"class_list":["post-12951","page","type-page","status-publish","hentry"],"_links":{"self":[{"href":"https:\/\/clientes.fernandocarrujo.com\/jfcanaviais\/wp-json\/wp\/v2\/pages\/12951","targetHints":{"allow":["GET"]}}],"collection":[{"href":"https:\/\/clientes.fernandocarrujo.com\/jfcanaviais\/wp-json\/wp\/v2\/pages"}],"about":[{"href":"https:\/\/clientes.fernandocarrujo.com\/jfcanaviais\/wp-json\/wp\/v2\/types\/page"}],"author":[{"embeddable":true,"href":"https:\/\/clientes.fernandocarrujo.com\/jfcanaviais\/wp-json\/wp\/v2\/users\/1"}],"replies":[{"embeddable":true,"href":"https:\/\/clientes.fernandocarrujo.com\/jfcanaviais\/wp-json\/wp\/v2\/comments?post=12951"}],"version-history":[{"count":2,"href":"https:\/\/clientes.fernandocarrujo.com\/jfcanaviais\/wp-json\/wp\/v2\/pages\/12951\/revisions"}],"predecessor-version":[{"id":12967,"href":"https:\/\/clientes.fernandocarrujo.com\/jfcanaviais\/wp-json\/wp\/v2\/pages\/12951\/revisions\/12967"}],"wp:attachment":[{"href":"https:\/\/clientes.fernandocarrujo.com\/jfcanaviais\/wp-json\/wp\/v2\/media?parent=12951"}],"curies":[{"name":"wp","href":"https:\/\/api.w.org\/{rel}","templated":true}]}}