{"id":13926,"date":"2025-07-31T14:11:41","date_gmt":"2025-07-31T14:11:41","guid":{"rendered":"https:\/\/clientes.fernandocarrujo.com\/jfcanaviais\/?page_id=13926"},"modified":"2025-07-31T14:18:35","modified_gmt":"2025-07-31T14:18:35","slug":"novidades","status":"publish","type":"page","link":"https:\/\/clientes.fernandocarrujo.com\/jfcanaviais\/novidades\/","title":{"rendered":"Novidades"},"content":{"rendered":"\t\t<div data-elementor-type=\"wp-page\" data-elementor-id=\"13926\" class=\"elementor elementor-13926\" data-elementor-post-type=\"page\">\n\t\t\t\t<div class=\"elementor-element elementor-element-bcb043b e-flex e-con-boxed e-con e-parent\" data-id=\"bcb043b\" data-element_type=\"container\" data-e-type=\"container\">\n\t\t\t\t\t<div class=\"e-con-inner\">\n\t\t\t\t<div class=\"elementor-element elementor-element-290e2de elementor-widget elementor-widget-heading\" data-id=\"290e2de\" data-element_type=\"widget\" data-e-type=\"widget\" data-widget_type=\"heading.default\">\n\t\t\t\t<div class=\"elementor-widget-container\">\n\t\t\t\t\t<h2 class=\"elementor-heading-title elementor-size-default\">Novidades<\/h2>\t\t\t\t<\/div>\n\t\t\t\t<\/div>\n\t\t\t\t<div class=\"elementor-element elementor-element-6dbb812 elementor-widget elementor-widget-spacer\" data-id=\"6dbb812\" data-element_type=\"widget\" data-e-type=\"widget\" data-widget_type=\"spacer.default\">\n\t\t\t\t<div class=\"elementor-widget-container\">\n\t\t\t\t\t\t\t<div class=\"elementor-spacer\">\n\t\t\t<div class=\"elementor-spacer-inner\"><\/div>\n\t\t<\/div>\n\t\t\t\t\t\t<\/div>\n\t\t\t\t<\/div>\n\t\t\t\t<div class=\"elementor-element elementor-element-1950998 elementor-grid-3 elementor-grid-tablet-2 elementor-grid-mobile-1 elementor-posts--thumbnail-top elementor-card-shadow-yes elementor-posts__hover-gradient elementor-widget elementor-widget-posts\" data-id=\"1950998\" data-element_type=\"widget\" data-e-type=\"widget\" data-settings=\"{&quot;pagination_type&quot;:&quot;numbers_and_prev_next&quot;,&quot;cards_columns&quot;:&quot;3&quot;,&quot;cards_columns_tablet&quot;:&quot;2&quot;,&quot;cards_columns_mobile&quot;:&quot;1&quot;,&quot;cards_row_gap&quot;:{&quot;unit&quot;:&quot;px&quot;,&quot;size&quot;:35,&quot;sizes&quot;:[]},&quot;cards_row_gap_tablet&quot;:{&quot;unit&quot;:&quot;px&quot;,&quot;size&quot;:&quot;&quot;,&quot;sizes&quot;:[]},&quot;cards_row_gap_mobile&quot;:{&quot;unit&quot;:&quot;px&quot;,&quot;size&quot;:&quot;&quot;,&quot;sizes&quot;:[]}}\" data-widget_type=\"posts.cards\">\n\t\t\t\t<div class=\"elementor-widget-container\">\n\t\t\t\t\t\t\t<div class=\"elementor-posts-container elementor-posts elementor-posts--skin-cards elementor-grid\" role=\"list\">\n\t\t\t\t<article class=\"elementor-post elementor-grid-item post-13909 post type-post status-publish format-standard has-post-thumbnail hentry category-emprego\" role=\"listitem\">\n\t\t\t<div class=\"elementor-post__card\">\n\t\t\t\t<a class=\"elementor-post__thumbnail__link\" href=\"https:\/\/clientes.fernandocarrujo.com\/jfcanaviais\/aviso-lista-unitaria-de-ordenacao-final\/\" tabindex=\"-1\" ><div class=\"elementor-post__thumbnail\"><img fetchpriority=\"high\" decoding=\"async\" width=\"640\" height=\"184\" src=\"https:\/\/clientes.fernandocarrujo.com\/jfcanaviais\/wp-content\/uploads\/2021\/02\/pexels-c-technical-6538574-768x221.jpg\" class=\"attachment-medium_large size-medium_large wp-image-12982\" alt=\"\" srcset=\"https:\/\/clientes.fernandocarrujo.com\/jfcanaviais\/wp-content\/uploads\/2021\/02\/pexels-c-technical-6538574-768x221.jpg 768w, https:\/\/clientes.fernandocarrujo.com\/jfcanaviais\/wp-content\/uploads\/2021\/02\/pexels-c-technical-6538574-300x86.jpg 300w, https:\/\/clientes.fernandocarrujo.com\/jfcanaviais\/wp-content\/uploads\/2021\/02\/pexels-c-technical-6538574-1024x294.jpg 1024w, https:\/\/clientes.fernandocarrujo.com\/jfcanaviais\/wp-content\/uploads\/2021\/02\/pexels-c-technical-6538574.jpg 1200w\" sizes=\"(max-width: 640px) 100vw, 640px\" \/><\/div><\/a>\n\t\t\t\t<div class=\"elementor-post__badge\">Emprego<\/div>\n\t\t\t\t<div class=\"elementor-post__text\">\n\t\t\t\t<h3 class=\"elementor-post__title\">\n\t\t\t<a href=\"https:\/\/clientes.fernandocarrujo.com\/jfcanaviais\/aviso-lista-unitaria-de-ordenacao-final\/\" >\n\t\t\t\tAviso &#8211; Lista Unit\u00e1ria de Ordena\u00e7\u00e3o Final\t\t\t<\/a>\n\t\t<\/h3>\n\t\t\n\t\t<a class=\"elementor-post__read-more\" href=\"https:\/\/clientes.fernandocarrujo.com\/jfcanaviais\/aviso-lista-unitaria-de-ordenacao-final\/\" aria-label=\"Read more about Aviso &#8211; Lista Unit\u00e1ria de Ordena\u00e7\u00e3o Final\" tabindex=\"-1\" >\n\t\t\tContinuar a Ler \u00bb\t\t<\/a>\n\n\t\t\t\t<\/div>\n\t\t\t\t<div class=\"elementor-post__meta-data\">\n\t\t\t\t\t<span class=\"elementor-post-date\">\n\t\t\tJaneiro 8, 2025\t\t<\/span>\n\t\t\t\t<\/div>\n\t\t\t\t\t<\/div>\n\t\t<\/article>\n\t\t\t\t<article class=\"elementor-post elementor-grid-item post-13898 post type-post status-publish format-standard has-post-thumbnail hentry category-emprego\" role=\"listitem\">\n\t\t\t<div class=\"elementor-post__card\">\n\t\t\t\t<a class=\"elementor-post__thumbnail__link\" href=\"https:\/\/clientes.fernandocarrujo.com\/jfcanaviais\/apoio-ao-emprego\/\" tabindex=\"-1\" ><div class=\"elementor-post__thumbnail\"><img decoding=\"async\" width=\"640\" height=\"905\" src=\"https:\/\/clientes.fernandocarrujo.com\/jfcanaviais\/wp-content\/uploads\/2024\/12\/Cartaz-Informacao-e-Publicidade-PDCI-CEI-768x1086.jpg\" class=\"attachment-medium_large size-medium_large wp-image-13900\" alt=\"\" srcset=\"https:\/\/clientes.fernandocarrujo.com\/jfcanaviais\/wp-content\/uploads\/2024\/12\/Cartaz-Informacao-e-Publicidade-PDCI-CEI-768x1086.jpg 768w, https:\/\/clientes.fernandocarrujo.com\/jfcanaviais\/wp-content\/uploads\/2024\/12\/Cartaz-Informacao-e-Publicidade-PDCI-CEI-212x300.jpg 212w, https:\/\/clientes.fernandocarrujo.com\/jfcanaviais\/wp-content\/uploads\/2024\/12\/Cartaz-Informacao-e-Publicidade-PDCI-CEI-724x1024.jpg 724w, https:\/\/clientes.fernandocarrujo.com\/jfcanaviais\/wp-content\/uploads\/2024\/12\/Cartaz-Informacao-e-Publicidade-PDCI-CEI.jpg 849w\" sizes=\"(max-width: 640px) 100vw, 640px\" \/><\/div><\/a>\n\t\t\t\t<div class=\"elementor-post__badge\">Emprego<\/div>\n\t\t\t\t<div class=\"elementor-post__text\">\n\t\t\t\t<h3 class=\"elementor-post__title\">\n\t\t\t<a href=\"https:\/\/clientes.fernandocarrujo.com\/jfcanaviais\/apoio-ao-emprego\/\" >\n\t\t\t\tAPOIO AO EMPREGO PESSOAS COM DEFICI\u00caNCIA OU INCAPACIDADE-Contrato Emprego-Inser\u00e7\u00e3o+\t\t\t<\/a>\n\t\t<\/h3>\n\t\t\n\t\t<a class=\"elementor-post__read-more\" href=\"https:\/\/clientes.fernandocarrujo.com\/jfcanaviais\/apoio-ao-emprego\/\" aria-label=\"Read more about APOIO AO EMPREGO PESSOAS COM DEFICI\u00caNCIA OU INCAPACIDADE-Contrato Emprego-Inser\u00e7\u00e3o+\" tabindex=\"-1\" >\n\t\t\tContinuar a Ler \u00bb\t\t<\/a>\n\n\t\t\t\t<\/div>\n\t\t\t\t<div class=\"elementor-post__meta-data\">\n\t\t\t\t\t<span class=\"elementor-post-date\">\n\t\t\tDezembro 12, 2024\t\t<\/span>\n\t\t\t\t<\/div>\n\t\t\t\t\t<\/div>\n\t\t<\/article>\n\t\t\t\t<article class=\"elementor-post elementor-grid-item post-13873 post type-post status-publish format-standard has-post-thumbnail hentry category-emprego\" role=\"listitem\">\n\t\t\t<div class=\"elementor-post__card\">\n\t\t\t\t<a class=\"elementor-post__thumbnail__link\" href=\"https:\/\/clientes.fernandocarrujo.com\/jfcanaviais\/aviso-relacao-de-candidatos-admitidos-e-excluidos\/\" tabindex=\"-1\" ><div class=\"elementor-post__thumbnail\"><img decoding=\"async\" width=\"640\" height=\"387\" src=\"https:\/\/clientes.fernandocarrujo.com\/jfcanaviais\/wp-content\/uploads\/2022\/03\/assistente-tecnico-a-preencher-formulario-850x514-1-768x464.jpg\" class=\"attachment-medium_large size-medium_large wp-image-13607\" alt=\"\" srcset=\"https:\/\/clientes.fernandocarrujo.com\/jfcanaviais\/wp-content\/uploads\/2022\/03\/assistente-tecnico-a-preencher-formulario-850x514-1-768x464.jpg 768w, https:\/\/clientes.fernandocarrujo.com\/jfcanaviais\/wp-content\/uploads\/2022\/03\/assistente-tecnico-a-preencher-formulario-850x514-1-300x181.jpg 300w, https:\/\/clientes.fernandocarrujo.com\/jfcanaviais\/wp-content\/uploads\/2022\/03\/assistente-tecnico-a-preencher-formulario-850x514-1.jpg 850w\" sizes=\"(max-width: 640px) 100vw, 640px\" \/><\/div><\/a>\n\t\t\t\t<div class=\"elementor-post__badge\">Emprego<\/div>\n\t\t\t\t<div class=\"elementor-post__text\">\n\t\t\t\t<h3 class=\"elementor-post__title\">\n\t\t\t<a href=\"https:\/\/clientes.fernandocarrujo.com\/jfcanaviais\/aviso-relacao-de-candidatos-admitidos-e-excluidos\/\" >\n\t\t\t\tAviso &#8211; Rela\u00e7\u00e3o de candidatos admitidos e exclu\u00eddos\t\t\t<\/a>\n\t\t<\/h3>\n\t\t\n\t\t<a class=\"elementor-post__read-more\" href=\"https:\/\/clientes.fernandocarrujo.com\/jfcanaviais\/aviso-relacao-de-candidatos-admitidos-e-excluidos\/\" aria-label=\"Read more about Aviso &#8211; Rela\u00e7\u00e3o de candidatos admitidos e exclu\u00eddos\" tabindex=\"-1\" >\n\t\t\tContinuar a Ler \u00bb\t\t<\/a>\n\n\t\t\t\t<\/div>\n\t\t\t\t<div class=\"elementor-post__meta-data\">\n\t\t\t\t\t<span class=\"elementor-post-date\">\n\t\t\tOutubro 29, 2024\t\t<\/span>\n\t\t\t\t<\/div>\n\t\t\t\t\t<\/div>\n\t\t<\/article>\n\t\t\t\t<article class=\"elementor-post elementor-grid-item post-13855 post type-post status-publish format-standard has-post-thumbnail hentry category-noticias\" role=\"listitem\">\n\t\t\t<div class=\"elementor-post__card\">\n\t\t\t\t<a class=\"elementor-post__thumbnail__link\" href=\"https:\/\/clientes.fernandocarrujo.com\/jfcanaviais\/retificacao-corte-da-estrada-da-salvada\/\" tabindex=\"-1\" ><div class=\"elementor-post__thumbnail\"><img loading=\"lazy\" decoding=\"async\" width=\"640\" height=\"432\" src=\"https:\/\/clientes.fernandocarrujo.com\/jfcanaviais\/wp-content\/uploads\/2024\/07\/IMG_20240709_182009-768x518.jpg\" class=\"attachment-medium_large size-medium_large wp-image-13851\" alt=\"\" srcset=\"https:\/\/clientes.fernandocarrujo.com\/jfcanaviais\/wp-content\/uploads\/2024\/07\/IMG_20240709_182009-768x518.jpg 768w, https:\/\/clientes.fernandocarrujo.com\/jfcanaviais\/wp-content\/uploads\/2024\/07\/IMG_20240709_182009-300x202.jpg 300w, https:\/\/clientes.fernandocarrujo.com\/jfcanaviais\/wp-content\/uploads\/2024\/07\/IMG_20240709_182009-1024x691.jpg 1024w, https:\/\/clientes.fernandocarrujo.com\/jfcanaviais\/wp-content\/uploads\/2024\/07\/IMG_20240709_182009.jpg 1072w\" sizes=\"(max-width: 640px) 100vw, 640px\" \/><\/div><\/a>\n\t\t\t\t<div class=\"elementor-post__badge\">Not\u00edcias<\/div>\n\t\t\t\t<div class=\"elementor-post__text\">\n\t\t\t\t<h3 class=\"elementor-post__title\">\n\t\t\t<a href=\"https:\/\/clientes.fernandocarrujo.com\/jfcanaviais\/retificacao-corte-da-estrada-da-salvada\/\" >\n\t\t\t\tRetifica\u00e7\u00e3o: Corte da Estrada da Salvada\t\t\t<\/a>\n\t\t<\/h3>\n\t\t\n\t\t<a class=\"elementor-post__read-more\" href=\"https:\/\/clientes.fernandocarrujo.com\/jfcanaviais\/retificacao-corte-da-estrada-da-salvada\/\" aria-label=\"Read more about Retifica\u00e7\u00e3o: Corte da Estrada da Salvada\" tabindex=\"-1\" >\n\t\t\tContinuar a Ler \u00bb\t\t<\/a>\n\n\t\t\t\t<\/div>\n\t\t\t\t<div class=\"elementor-post__meta-data\">\n\t\t\t\t\t<span class=\"elementor-post-date\">\n\t\t\tJulho 11, 2024\t\t<\/span>\n\t\t\t\t<\/div>\n\t\t\t\t\t<\/div>\n\t\t<\/article>\n\t\t\t\t<article class=\"elementor-post elementor-grid-item post-13850 post type-post status-publish format-standard has-post-thumbnail hentry category-noticias\" role=\"listitem\">\n\t\t\t<div class=\"elementor-post__card\">\n\t\t\t\t<a class=\"elementor-post__thumbnail__link\" href=\"https:\/\/clientes.fernandocarrujo.com\/jfcanaviais\/corte-da-estrada-da-salvada\/\" tabindex=\"-1\" ><div class=\"elementor-post__thumbnail\"><img loading=\"lazy\" decoding=\"async\" width=\"640\" height=\"432\" src=\"https:\/\/clientes.fernandocarrujo.com\/jfcanaviais\/wp-content\/uploads\/2024\/07\/IMG_20240709_182009-768x518.jpg\" class=\"attachment-medium_large size-medium_large wp-image-13851\" alt=\"\" srcset=\"https:\/\/clientes.fernandocarrujo.com\/jfcanaviais\/wp-content\/uploads\/2024\/07\/IMG_20240709_182009-768x518.jpg 768w, https:\/\/clientes.fernandocarrujo.com\/jfcanaviais\/wp-content\/uploads\/2024\/07\/IMG_20240709_182009-300x202.jpg 300w, https:\/\/clientes.fernandocarrujo.com\/jfcanaviais\/wp-content\/uploads\/2024\/07\/IMG_20240709_182009-1024x691.jpg 1024w, https:\/\/clientes.fernandocarrujo.com\/jfcanaviais\/wp-content\/uploads\/2024\/07\/IMG_20240709_182009.jpg 1072w\" sizes=\"(max-width: 640px) 100vw, 640px\" \/><\/div><\/a>\n\t\t\t\t<div class=\"elementor-post__badge\">Not\u00edcias<\/div>\n\t\t\t\t<div class=\"elementor-post__text\">\n\t\t\t\t<h3 class=\"elementor-post__title\">\n\t\t\t<a href=\"https:\/\/clientes.fernandocarrujo.com\/jfcanaviais\/corte-da-estrada-da-salvada\/\" >\n\t\t\t\tCorte da Estrada da Salvada\t\t\t<\/a>\n\t\t<\/h3>\n\t\t\n\t\t<a class=\"elementor-post__read-more\" href=\"https:\/\/clientes.fernandocarrujo.com\/jfcanaviais\/corte-da-estrada-da-salvada\/\" aria-label=\"Read more about Corte da Estrada da Salvada\" tabindex=\"-1\" >\n\t\t\tContinuar a Ler \u00bb\t\t<\/a>\n\n\t\t\t\t<\/div>\n\t\t\t\t<div class=\"elementor-post__meta-data\">\n\t\t\t\t\t<span class=\"elementor-post-date\">\n\t\t\tJulho 9, 2024\t\t<\/span>\n\t\t\t\t<\/div>\n\t\t\t\t\t<\/div>\n\t\t<\/article>\n\t\t\t\t<article class=\"elementor-post elementor-grid-item post-13842 post type-post status-publish format-standard has-post-thumbnail hentry category-emprego\" role=\"listitem\">\n\t\t\t<div class=\"elementor-post__card\">\n\t\t\t\t<a class=\"elementor-post__thumbnail__link\" href=\"https:\/\/clientes.fernandocarrujo.com\/jfcanaviais\/oferta-para-mobilidade-na-categoria-assistente-operacional-servicos-gerais\/\" tabindex=\"-1\" ><div class=\"elementor-post__thumbnail\"><img decoding=\"async\" width=\"640\" height=\"387\" src=\"https:\/\/clientes.fernandocarrujo.com\/jfcanaviais\/wp-content\/uploads\/2022\/03\/assistente-tecnico-a-preencher-formulario-850x514-1-768x464.jpg\" class=\"attachment-medium_large size-medium_large wp-image-13607\" alt=\"\" srcset=\"https:\/\/clientes.fernandocarrujo.com\/jfcanaviais\/wp-content\/uploads\/2022\/03\/assistente-tecnico-a-preencher-formulario-850x514-1-768x464.jpg 768w, https:\/\/clientes.fernandocarrujo.com\/jfcanaviais\/wp-content\/uploads\/2022\/03\/assistente-tecnico-a-preencher-formulario-850x514-1-300x181.jpg 300w, https:\/\/clientes.fernandocarrujo.com\/jfcanaviais\/wp-content\/uploads\/2022\/03\/assistente-tecnico-a-preencher-formulario-850x514-1.jpg 850w\" sizes=\"(max-width: 640px) 100vw, 640px\" \/><\/div><\/a>\n\t\t\t\t<div class=\"elementor-post__badge\">Emprego<\/div>\n\t\t\t\t<div class=\"elementor-post__text\">\n\t\t\t\t<h3 class=\"elementor-post__title\">\n\t\t\t<a href=\"https:\/\/clientes.fernandocarrujo.com\/jfcanaviais\/oferta-para-mobilidade-na-categoria-assistente-operacional-servicos-gerais\/\" >\n\t\t\t\tOferta para Mobilidade na categoria &#8211; Assistente Operacional (Servi\u00e7os Gerais)\t\t\t<\/a>\n\t\t<\/h3>\n\t\t\n\t\t<a class=\"elementor-post__read-more\" href=\"https:\/\/clientes.fernandocarrujo.com\/jfcanaviais\/oferta-para-mobilidade-na-categoria-assistente-operacional-servicos-gerais\/\" aria-label=\"Read more about Oferta para Mobilidade na categoria &#8211; Assistente Operacional (Servi\u00e7os Gerais)\" tabindex=\"-1\" >\n\t\t\tContinuar a Ler \u00bb\t\t<\/a>\n\n\t\t\t\t<\/div>\n\t\t\t\t<div class=\"elementor-post__meta-data\">\n\t\t\t\t\t<span class=\"elementor-post-date\">\n\t\t\tJaneiro 25, 2024\t\t<\/span>\n\t\t\t\t<\/div>\n\t\t\t\t\t<\/div>\n\t\t<\/article>\n\t\t\t\t<article class=\"elementor-post elementor-grid-item post-13811 post type-post status-publish format-standard has-post-thumbnail hentry category-noticias\" role=\"listitem\">\n\t\t\t<div class=\"elementor-post__card\">\n\t\t\t\t<a class=\"elementor-post__thumbnail__link\" href=\"https:\/\/clientes.fernandocarrujo.com\/jfcanaviais\/boletim-info-canaviais-outubro-2023\/\" tabindex=\"-1\" ><div class=\"elementor-post__thumbnail\"><img loading=\"lazy\" decoding=\"async\" width=\"640\" height=\"393\" src=\"https:\/\/clientes.fernandocarrujo.com\/jfcanaviais\/wp-content\/uploads\/2023\/10\/bandeiras-768x472.jpg\" class=\"attachment-medium_large size-medium_large wp-image-13824\" alt=\"\" srcset=\"https:\/\/clientes.fernandocarrujo.com\/jfcanaviais\/wp-content\/uploads\/2023\/10\/bandeiras-768x472.jpg 768w, https:\/\/clientes.fernandocarrujo.com\/jfcanaviais\/wp-content\/uploads\/2023\/10\/bandeiras-300x184.jpg 300w, https:\/\/clientes.fernandocarrujo.com\/jfcanaviais\/wp-content\/uploads\/2023\/10\/bandeiras-1024x629.jpg 1024w, https:\/\/clientes.fernandocarrujo.com\/jfcanaviais\/wp-content\/uploads\/2023\/10\/bandeiras-1536x943.jpg 1536w, https:\/\/clientes.fernandocarrujo.com\/jfcanaviais\/wp-content\/uploads\/2023\/10\/bandeiras-2048x1257.jpg 2048w, https:\/\/clientes.fernandocarrujo.com\/jfcanaviais\/wp-content\/uploads\/2023\/10\/bandeiras-255x157.jpg 255w\" sizes=\"(max-width: 640px) 100vw, 640px\" \/><\/div><\/a>\n\t\t\t\t<div class=\"elementor-post__badge\">Not\u00edcias<\/div>\n\t\t\t\t<div class=\"elementor-post__text\">\n\t\t\t\t<h3 class=\"elementor-post__title\">\n\t\t\t<a href=\"https:\/\/clientes.fernandocarrujo.com\/jfcanaviais\/boletim-info-canaviais-outubro-2023\/\" >\n\t\t\t\tBoletim Info Canaviais &#8211; Outubro 2023\t\t\t<\/a>\n\t\t<\/h3>\n\t\t\n\t\t<a class=\"elementor-post__read-more\" href=\"https:\/\/clientes.fernandocarrujo.com\/jfcanaviais\/boletim-info-canaviais-outubro-2023\/\" aria-label=\"Read more about Boletim Info Canaviais &#8211; Outubro 2023\" tabindex=\"-1\" >\n\t\t\tContinuar a Ler \u00bb\t\t<\/a>\n\n\t\t\t\t<\/div>\n\t\t\t\t<div class=\"elementor-post__meta-data\">\n\t\t\t\t\t<span class=\"elementor-post-date\">\n\t\t\tOutubro 8, 2023\t\t<\/span>\n\t\t\t\t<\/div>\n\t\t\t\t\t<\/div>\n\t\t<\/article>\n\t\t\t\t<article class=\"elementor-post elementor-grid-item post-13767 post type-post status-publish format-standard has-post-thumbnail hentry category-emprego\" role=\"listitem\">\n\t\t\t<div class=\"elementor-post__card\">\n\t\t\t\t<a class=\"elementor-post__thumbnail__link\" href=\"https:\/\/clientes.fernandocarrujo.com\/jfcanaviais\/procedimento-concursal-comum-de-recrutamento-de-um-assistente-tecnico\/\" tabindex=\"-1\" ><div class=\"elementor-post__thumbnail\"><img decoding=\"async\" width=\"640\" height=\"387\" src=\"https:\/\/clientes.fernandocarrujo.com\/jfcanaviais\/wp-content\/uploads\/2022\/03\/assistente-tecnico-a-preencher-formulario-850x514-1-768x464.jpg\" class=\"attachment-medium_large size-medium_large wp-image-13607\" alt=\"\" srcset=\"https:\/\/clientes.fernandocarrujo.com\/jfcanaviais\/wp-content\/uploads\/2022\/03\/assistente-tecnico-a-preencher-formulario-850x514-1-768x464.jpg 768w, https:\/\/clientes.fernandocarrujo.com\/jfcanaviais\/wp-content\/uploads\/2022\/03\/assistente-tecnico-a-preencher-formulario-850x514-1-300x181.jpg 300w, https:\/\/clientes.fernandocarrujo.com\/jfcanaviais\/wp-content\/uploads\/2022\/03\/assistente-tecnico-a-preencher-formulario-850x514-1.jpg 850w\" sizes=\"(max-width: 640px) 100vw, 640px\" \/><\/div><\/a>\n\t\t\t\t<div class=\"elementor-post__badge\">Emprego<\/div>\n\t\t\t\t<div class=\"elementor-post__text\">\n\t\t\t\t<h3 class=\"elementor-post__title\">\n\t\t\t<a href=\"https:\/\/clientes.fernandocarrujo.com\/jfcanaviais\/procedimento-concursal-comum-de-recrutamento-de-um-assistente-tecnico\/\" >\n\t\t\t\tProcedimento concursal comum de recrutamento de um assistente t\u00e9cnico\t\t\t<\/a>\n\t\t<\/h3>\n\t\t\n\t\t<a class=\"elementor-post__read-more\" href=\"https:\/\/clientes.fernandocarrujo.com\/jfcanaviais\/procedimento-concursal-comum-de-recrutamento-de-um-assistente-tecnico\/\" aria-label=\"Read more about Procedimento concursal comum de recrutamento de um assistente t\u00e9cnico\" tabindex=\"-1\" >\n\t\t\tContinuar a Ler \u00bb\t\t<\/a>\n\n\t\t\t\t<\/div>\n\t\t\t\t<div class=\"elementor-post__meta-data\">\n\t\t\t\t\t<span class=\"elementor-post-date\">\n\t\t\tFevereiro 2, 2023\t\t<\/span>\n\t\t\t\t<\/div>\n\t\t\t\t\t<\/div>\n\t\t<\/article>\n\t\t\t\t<article class=\"elementor-post elementor-grid-item post-13755 post type-post status-publish format-standard has-post-thumbnail hentry category-eventos\" role=\"listitem\">\n\t\t\t<div class=\"elementor-post__card\">\n\t\t\t\t<a class=\"elementor-post__thumbnail__link\" href=\"https:\/\/clientes.fernandocarrujo.com\/jfcanaviais\/edital-dia-de-defesa-nacional\/\" tabindex=\"-1\" ><div class=\"elementor-post__thumbnail\"><img loading=\"lazy\" decoding=\"async\" width=\"640\" height=\"203\" src=\"https:\/\/clientes.fernandocarrujo.com\/jfcanaviais\/wp-content\/uploads\/2021\/02\/pexels-pixabay-48195-768x243.jpg\" class=\"attachment-medium_large size-medium_large wp-image-12995\" alt=\"\" srcset=\"https:\/\/clientes.fernandocarrujo.com\/jfcanaviais\/wp-content\/uploads\/2021\/02\/pexels-pixabay-48195-768x243.jpg 768w, https:\/\/clientes.fernandocarrujo.com\/jfcanaviais\/wp-content\/uploads\/2021\/02\/pexels-pixabay-48195-300x95.jpg 300w, https:\/\/clientes.fernandocarrujo.com\/jfcanaviais\/wp-content\/uploads\/2021\/02\/pexels-pixabay-48195-1024x324.jpg 1024w, https:\/\/clientes.fernandocarrujo.com\/jfcanaviais\/wp-content\/uploads\/2021\/02\/pexels-pixabay-48195.jpg 1200w\" sizes=\"(max-width: 640px) 100vw, 640px\" \/><\/div><\/a>\n\t\t\t\t<div class=\"elementor-post__badge\">Eventos<\/div>\n\t\t\t\t<div class=\"elementor-post__text\">\n\t\t\t\t<h3 class=\"elementor-post__title\">\n\t\t\t<a href=\"https:\/\/clientes.fernandocarrujo.com\/jfcanaviais\/edital-dia-de-defesa-nacional\/\" >\n\t\t\t\tEdital Dia de Defesa Nacional\t\t\t<\/a>\n\t\t<\/h3>\n\t\t\n\t\t<a class=\"elementor-post__read-more\" href=\"https:\/\/clientes.fernandocarrujo.com\/jfcanaviais\/edital-dia-de-defesa-nacional\/\" aria-label=\"Read more about Edital Dia de Defesa Nacional\" tabindex=\"-1\" >\n\t\t\tContinuar a Ler \u00bb\t\t<\/a>\n\n\t\t\t\t<\/div>\n\t\t\t\t<div class=\"elementor-post__meta-data\">\n\t\t\t\t\t<span class=\"elementor-post-date\">\n\t\t\tJaneiro 18, 2023\t\t<\/span>\n\t\t\t\t<\/div>\n\t\t\t\t\t<\/div>\n\t\t<\/article>\n\t\t\t\t<\/div>\n\t\t\n\t\t\t\t<div class=\"e-load-more-anchor\" data-page=\"1\" data-max-page=\"3\" data-next-page=\"https:\/\/clientes.fernandocarrujo.com\/jfcanaviais\/wp-json\/wp\/v2\/pages\/13926\/page\/2\/\"><\/div>\n\t\t\t\t<nav class=\"elementor-pagination\" aria-label=\"Pagination\">\n\t\t\t<span class=\"page-numbers prev\">&laquo; Anterior<\/span>\n<span aria-current=\"page\" class=\"page-numbers current\"><span class=\"elementor-screen-only\">Page<\/span>1<\/span>\n<a class=\"page-numbers\" href=\"https:\/\/clientes.fernandocarrujo.com\/jfcanaviais\/wp-json\/wp\/v2\/pages\/13926\/page\/2\/\"><span class=\"elementor-screen-only\">Page<\/span>2<\/a>\n<a class=\"page-numbers\" href=\"https:\/\/clientes.fernandocarrujo.com\/jfcanaviais\/wp-json\/wp\/v2\/pages\/13926\/page\/3\/\"><span class=\"elementor-screen-only\">Page<\/span>3<\/a>\n<a class=\"page-numbers next\" href=\"https:\/\/clientes.fernandocarrujo.com\/jfcanaviais\/wp-json\/wp\/v2\/pages\/13926\/page\/2\/\">Seguinte &raquo;<\/a>\t\t<\/nav>\n\t\t\t\t\t\t<\/div>\n\t\t\t\t<\/div>\n\t\t\t\t\t<\/div>\n\t\t\t\t<\/div>\n\t\t\t\t<\/div>\n\t\t","protected":false},"excerpt":{"rendered":"<p>Novidades<\/p>\n","protected":false},"author":1,"featured_media":0,"parent":0,"menu_order":0,"comment_status":"closed","ping_status":"closed","template":"","meta":{"footnotes":""},"class_list":["post-13926","page","type-page","status-publish","hentry"],"_links":{"self":[{"href":"https:\/\/clientes.fernandocarrujo.com\/jfcanaviais\/wp-json\/wp\/v2\/pages\/13926","targetHints":{"allow":["GET"]}}],"collection":[{"href":"https:\/\/clientes.fernandocarrujo.com\/jfcanaviais\/wp-json\/wp\/v2\/pages"}],"about":[{"href":"https:\/\/clientes.fernandocarrujo.com\/jfcanaviais\/wp-json\/wp\/v2\/types\/page"}],"author":[{"embeddable":true,"href":"https:\/\/clientes.fernandocarrujo.com\/jfcanaviais\/wp-json\/wp\/v2\/users\/1"}],"replies":[{"embeddable":true,"href":"https:\/\/clientes.fernandocarrujo.com\/jfcanaviais\/wp-json\/wp\/v2\/comments?post=13926"}],"version-history":[{"count":7,"href":"https:\/\/clientes.fernandocarrujo.com\/jfcanaviais\/wp-json\/wp\/v2\/pages\/13926\/revisions"}],"predecessor-version":[{"id":13934,"href":"https:\/\/clientes.fernandocarrujo.com\/jfcanaviais\/wp-json\/wp\/v2\/pages\/13926\/revisions\/13934"}],"wp:attachment":[{"href":"https:\/\/clientes.fernandocarrujo.com\/jfcanaviais\/wp-json\/wp\/v2\/media?parent=13926"}],"curies":[{"name":"wp","href":"https:\/\/api.w.org\/{rel}","templated":true}]}}