{"id":14209,"date":"2026-01-30T11:10:21","date_gmt":"2026-01-30T11:10:21","guid":{"rendered":"https:\/\/clientes.fernandocarrujo.com\/jfcanaviais\/?page_id=14209"},"modified":"2026-01-30T12:01:37","modified_gmt":"2026-01-30T12:01:37","slug":"visitar-nos-canaviais","status":"publish","type":"page","link":"https:\/\/clientes.fernandocarrujo.com\/jfcanaviais\/visitar-nos-canaviais\/","title":{"rendered":"VISITAR NOS CANAVIAIS"},"content":{"rendered":"\t\t<div data-elementor-type=\"wp-page\" data-elementor-id=\"14209\" class=\"elementor elementor-14209\" data-elementor-post-type=\"page\">\n\t\t\t\t\t\t<section class=\"elementor-section elementor-top-section elementor-element elementor-element-35283b0 elementor-section-boxed elementor-section-height-default elementor-section-height-default\" data-id=\"35283b0\" data-element_type=\"section\" data-e-type=\"section\">\n\t\t\t\t\t\t<div class=\"elementor-container elementor-column-gap-default\">\n\t\t\t\t\t<div class=\"elementor-column elementor-col-100 elementor-top-column elementor-element elementor-element-f44183a\" data-id=\"f44183a\" data-element_type=\"column\" data-e-type=\"column\">\n\t\t\t<div class=\"elementor-widget-wrap elementor-element-populated\">\n\t\t\t\t\t\t<div class=\"elementor-element elementor-element-6b20ce1 elementor-widget elementor-widget-heading\" data-id=\"6b20ce1\" data-element_type=\"widget\" data-e-type=\"widget\" data-widget_type=\"heading.default\">\n\t\t\t\t<div class=\"elementor-widget-container\">\n\t\t\t\t\t<h2 class=\"elementor-heading-title elementor-size-default\">Visitar nos Canaviais<\/h2>\t\t\t\t<\/div>\n\t\t\t\t<\/div>\n\t\t<div class=\"elementor-element elementor-element-ec645ee e-flex e-con-boxed e-con e-parent\" data-id=\"ec645ee\" data-element_type=\"container\" data-e-type=\"container\">\n\t\t\t\t\t<div class=\"e-con-inner\">\n\t\t\t\t<div class=\"elementor-element elementor-element-813eeee elementor-widget elementor-widget-image\" data-id=\"813eeee\" data-element_type=\"widget\" data-e-type=\"widget\" data-widget_type=\"image.default\">\n\t\t\t\t<div class=\"elementor-widget-container\">\n\t\t\t\t\t\t\t\t\t\t\t\t\t\t\t<img fetchpriority=\"high\" decoding=\"async\" width=\"520\" height=\"355\" src=\"https:\/\/clientes.fernandocarrujo.com\/jfcanaviais\/wp-content\/uploads\/2026\/01\/Anta-do-paco-da-vinha.jpg\" class=\"attachment-large size-large wp-image-14246\" alt=\"\" srcset=\"https:\/\/clientes.fernandocarrujo.com\/jfcanaviais\/wp-content\/uploads\/2026\/01\/Anta-do-paco-da-vinha.jpg 520w, https:\/\/clientes.fernandocarrujo.com\/jfcanaviais\/wp-content\/uploads\/2026\/01\/Anta-do-paco-da-vinha-300x205.jpg 300w\" sizes=\"(max-width: 520px) 100vw, 520px\" \/>\t\t\t\t\t\t\t\t\t\t\t\t\t\t\t<\/div>\n\t\t\t\t<\/div>\n\t\t<div class=\"elementor-element elementor-element-7eff4aa e-con-full e-flex e-con e-child\" data-id=\"7eff4aa\" data-element_type=\"container\" data-e-type=\"container\">\n\t\t\t\t<div class=\"elementor-element elementor-element-f5b2b49 elementor-widget elementor-widget-heading\" data-id=\"f5b2b49\" data-element_type=\"widget\" data-e-type=\"widget\" data-widget_type=\"heading.default\">\n\t\t\t\t<div class=\"elementor-widget-container\">\n\t\t\t\t\t<h3 class=\"elementor-heading-title elementor-size-default\">Anta do Pa\u00e7o da Vinha<\/h3>\t\t\t\t<\/div>\n\t\t\t\t<\/div>\n\t\t\t\t<div class=\"elementor-element elementor-element-efaf5ac elementor-widget elementor-widget-text-editor\" data-id=\"efaf5ac\" data-element_type=\"widget\" data-e-type=\"widget\" data-widget_type=\"text-editor.default\">\n\t\t\t\t<div class=\"elementor-widget-container\">\n\t\t\t\t\t\t\t\t\t<div>\n<p>A <strong data-start=\"228\" data-end=\"253\">Anta do Pa\u00e7o da Vinha<\/strong> \u00e9 um monumento megal\u00edtico funer\u00e1rio constru\u00eddo entre o in\u00edcio do 4.\u00ba e meados do 3.\u00ba mil\u00e9nio a.C., integrando o denominado universo megal\u00edtico eborense, cujo principal prot\u00f3tipo \u00e9 a Anta Grande da Comenda da Igreja, em Montemor-o-Novo.<\/p>\n<\/div>\n<div>\n<p data-start=\"499\" data-end=\"1016\">Trata-se de um grande d\u00f3lmen de corredor, composto por uma c\u00e2mara funer\u00e1ria de planta poligonal alongada, com cerca de 4 metros de largura, formada por sete esteios com aproximadamente 2 metros de altura, conservando ainda a cobertura original intacta. O corredor de acesso \u00e9 um dos mais extensos da regi\u00e3o, com cerca de 9,5 metros de comprimento e 1 metro de altura, mantendo seis dos esteios laterais e duas lajes da cobertura primitiva, decoradas com covinhas gravadasna face exterior.<\/p>\n<\/div>\n<div>\n<p data-start=\"1018\" data-end=\"1308\">O monumento localiza-se na Herdade do Pa\u00e7o das Vinhas, a cerca de 500 metros a norte-nordeste do Monte das Vinhas, junto ao rio Degebe. O acesso \u00e9 feito pela EN 802 em dire\u00e7\u00e3o a Estremoz, seguindo um caminho vicinal para norte cerca de 2 km ap\u00f3s a segunda passagem de n\u00edvel.<\/p>\n<p data-start=\"1018\" data-end=\"1308\">Classificada como Monumento Nacional desde 1910, a Anta do Pa\u00e7o da Vinha integra atualmente um dos Circuitos Megal\u00edticos do concelho de \u00c9vora, constituindo um importante testemunho da ocupa\u00e7\u00e3o humana pr\u00e9-hist\u00f3rica na regi\u00e3o.<\/p>\n<\/div>\t\t\t\t\t\t\t\t<\/div>\n\t\t\t\t<\/div>\n\t\t\t\t<div class=\"elementor-element elementor-element-6170a5d elementor-align-center elementor-widget elementor-widget-button\" data-id=\"6170a5d\" data-element_type=\"widget\" data-e-type=\"widget\" data-widget_type=\"button.default\">\n\t\t\t\t<div class=\"elementor-widget-container\">\n\t\t\t\t\t\t\t\t\t<div class=\"elementor-button-wrapper\">\n\t\t\t\t\t<a class=\"elementor-button elementor-button-link elementor-size-sm\" href=\"https:\/\/maps.app.goo.gl\/U141EiiiMXiDJxUG9\" target=\"_blank\">\n\t\t\t\t\t\t<span class=\"elementor-button-content-wrapper\">\n\t\t\t\t\t\t<span class=\"elementor-button-icon\">\n\t\t\t\t<i aria-hidden=\"true\" class=\"fas fa-map-marked-alt\"><\/i>\t\t\t<\/span>\n\t\t\t\t\t\t\t\t\t<span class=\"elementor-button-text\">Dire\u00e7\u00f5es<\/span>\n\t\t\t\t\t<\/span>\n\t\t\t\t\t<\/a>\n\t\t\t\t<\/div>\n\t\t\t\t\t\t\t\t<\/div>\n\t\t\t\t<\/div>\n\t\t\t\t<div class=\"elementor-element elementor-element-2d4940a elementor-widget elementor-widget-spacer\" data-id=\"2d4940a\" data-element_type=\"widget\" data-e-type=\"widget\" data-widget_type=\"spacer.default\">\n\t\t\t\t<div class=\"elementor-widget-container\">\n\t\t\t\t\t\t\t<div class=\"elementor-spacer\">\n\t\t\t<div class=\"elementor-spacer-inner\"><\/div>\n\t\t<\/div>\n\t\t\t\t\t\t<\/div>\n\t\t\t\t<\/div>\n\t\t\t\t<\/div>\n\t\t\t\t\t<\/div>\n\t\t\t\t<\/div>\n\t\t<div class=\"elementor-element elementor-element-68344c7 e-flex e-con-boxed e-con e-parent\" data-id=\"68344c7\" data-element_type=\"container\" data-e-type=\"container\">\n\t\t\t\t\t<div class=\"e-con-inner\">\n\t\t\t\t<div class=\"elementor-element elementor-element-470aa77 elementor-widget elementor-widget-image\" data-id=\"470aa77\" data-element_type=\"widget\" data-e-type=\"widget\" data-widget_type=\"image.default\">\n\t\t\t\t<div class=\"elementor-widget-container\">\n\t\t\t\t\t\t\t\t\t\t\t\t\t\t\t<img decoding=\"async\" width=\"640\" height=\"427\" src=\"https:\/\/clientes.fernandocarrujo.com\/jfcanaviais\/wp-content\/uploads\/2026\/01\/queijaria-cachopas.jpg\" class=\"attachment-large size-large wp-image-14265\" alt=\"\" srcset=\"https:\/\/clientes.fernandocarrujo.com\/jfcanaviais\/wp-content\/uploads\/2026\/01\/queijaria-cachopas.jpg 1024w, https:\/\/clientes.fernandocarrujo.com\/jfcanaviais\/wp-content\/uploads\/2026\/01\/queijaria-cachopas-300x200.jpg 300w, https:\/\/clientes.fernandocarrujo.com\/jfcanaviais\/wp-content\/uploads\/2026\/01\/queijaria-cachopas-768x512.jpg 768w, https:\/\/clientes.fernandocarrujo.com\/jfcanaviais\/wp-content\/uploads\/2026\/01\/queijaria-cachopas-365x243.jpg 365w\" sizes=\"(max-width: 640px) 100vw, 640px\" \/>\t\t\t\t\t\t\t\t\t\t\t\t\t\t\t<\/div>\n\t\t\t\t<\/div>\n\t\t<div class=\"elementor-element elementor-element-33048d2 e-con-full e-flex e-con e-child\" data-id=\"33048d2\" data-element_type=\"container\" data-e-type=\"container\">\n\t\t\t\t<div class=\"elementor-element elementor-element-cdfb90d elementor-widget elementor-widget-heading\" data-id=\"cdfb90d\" data-element_type=\"widget\" data-e-type=\"widget\" data-widget_type=\"heading.default\">\n\t\t\t\t<div class=\"elementor-widget-container\">\n\t\t\t\t\t<h3 class=\"elementor-heading-title elementor-size-default\">Queijaria Cachopas<\/h3>\t\t\t\t<\/div>\n\t\t\t\t<\/div>\n\t\t\t\t<div class=\"elementor-element elementor-element-49d559e elementor-widget elementor-widget-text-editor\" data-id=\"49d559e\" data-element_type=\"widget\" data-e-type=\"widget\" data-widget_type=\"text-editor.default\">\n\t\t\t\t<div class=\"elementor-widget-container\">\n\t\t\t\t\t\t\t\t\t<div><p>A <b>Queijaria Cachopas<\/b>, situada na Quinta da Lage em \u00c9vora, \u00e9 uma empresa familiar com tradi\u00e7\u00e3o desde 1961, especializada em queijos alentejanos (vaca, ovelha e cabra). Combina m\u00e9todos tradicionais com tecnologia moderna e oferece visitas \u00e0 quinta, ideal para fam\u00edlias. Funciona de segunda a s\u00e1bado com acesso gratuito.<\/p><\/div><div><p>A Queijaria Cachopas destaca-se pela produ\u00e7\u00e3o de queijos de alta qualidade, mantendo o saber de tr\u00eas gera\u00e7\u00f5es, sendo uma paragem recomendada na regi\u00e3o de \u00c9vora.<\/p><\/div><div><p><strong><u>Informa\u00e7\u00f5es Principais:<\/u><\/strong><\/p><\/div><div><p><b>Produtos:<\/b> Queijos artesanais de vaca, ovelha, cabra e misturas.<\/p><\/div><div><p><b>Visitas:<\/b> Acesso gratuito \u00e0 quinta para ver animais, com op\u00e7\u00e3o de pagar para os alimentar (1\u20ac\/bolinha de comida).<\/p><\/div><div><p><b>Hor\u00e1rio:<\/b><\/p><\/div><div><p>Segunda a Sexta: 08h00 &#8211; 20h00.<b><\/b><\/p><\/div><div><p>S\u00e1bado e Feriados: 08h00 &#8211; 19h00.<\/p><p>Domingo: 09h00 &#8211; 13h00 e 14h00 &#8211; 18h00.<\/p><\/div><div><p><b>Contacto:<\/b> (+351) 266 737 290<\/p><\/div>\t\t\t\t\t\t\t\t<\/div>\n\t\t\t\t<\/div>\n\t\t\t\t<div class=\"elementor-element elementor-element-7890fbd elementor-align-center elementor-widget elementor-widget-button\" data-id=\"7890fbd\" data-element_type=\"widget\" data-e-type=\"widget\" data-widget_type=\"button.default\">\n\t\t\t\t<div class=\"elementor-widget-container\">\n\t\t\t\t\t\t\t\t\t<div class=\"elementor-button-wrapper\">\n\t\t\t\t\t<a class=\"elementor-button elementor-button-link elementor-size-sm\" href=\"https:\/\/maps.app.goo.gl\/2noWAe83z9ZrhqwU8\" target=\"_blank\">\n\t\t\t\t\t\t<span class=\"elementor-button-content-wrapper\">\n\t\t\t\t\t\t<span class=\"elementor-button-icon\">\n\t\t\t\t<i aria-hidden=\"true\" class=\"fas fa-map-marked-alt\"><\/i>\t\t\t<\/span>\n\t\t\t\t\t\t\t\t\t<span class=\"elementor-button-text\">Dire\u00e7\u00f5es<\/span>\n\t\t\t\t\t<\/span>\n\t\t\t\t\t<\/a>\n\t\t\t\t<\/div>\n\t\t\t\t\t\t\t\t<\/div>\n\t\t\t\t<\/div>\n\t\t\t\t<\/div>\n\t\t\t\t\t<\/div>\n\t\t\t\t<\/div>\n\t\t\t\t\t<\/div>\n\t\t<\/div>\n\t\t\t\t\t<\/div>\n\t\t<\/section>\n\t\t\t\t<section class=\"elementor-section elementor-top-section elementor-element elementor-element-5e99daf elementor-section-boxed elementor-section-height-default elementor-section-height-default\" data-id=\"5e99daf\" data-element_type=\"section\" data-e-type=\"section\">\n\t\t\t\t\t\t<div class=\"elementor-container elementor-column-gap-default\">\n\t\t\t\t\t<div class=\"elementor-column elementor-col-100 elementor-top-column elementor-element elementor-element-7291a6a\" data-id=\"7291a6a\" data-element_type=\"column\" data-e-type=\"column\">\n\t\t\t<div class=\"elementor-widget-wrap\">\n\t\t\t\t\t\t\t<\/div>\n\t\t<\/div>\n\t\t\t\t\t<\/div>\n\t\t<\/section>\n\t\t\t\t<\/div>\n\t\t","protected":false},"excerpt":{"rendered":"<p>Visitar nos Canaviais Anta do Pa\u00e7o da Vinha A Anta do Pa\u00e7o da Vinha \u00e9 um monumento megal\u00edtico funer\u00e1rio constru\u00eddo entre o in\u00edcio do 4.\u00ba e meados do 3.\u00ba mil\u00e9nio a.C., integrando o denominado universo megal\u00edtico eborense, cujo principal prot\u00f3tipo \u00e9 a Anta Grande da Comenda da Igreja, em Montemor-o-Novo. Trata-se de um grande d\u00f3lmen&#8230;<\/p>\n","protected":false},"author":2,"featured_media":0,"parent":0,"menu_order":0,"comment_status":"closed","ping_status":"closed","template":"","meta":{"footnotes":""},"class_list":["post-14209","page","type-page","status-publish","hentry"],"_links":{"self":[{"href":"https:\/\/clientes.fernandocarrujo.com\/jfcanaviais\/wp-json\/wp\/v2\/pages\/14209","targetHints":{"allow":["GET"]}}],"collection":[{"href":"https:\/\/clientes.fernandocarrujo.com\/jfcanaviais\/wp-json\/wp\/v2\/pages"}],"about":[{"href":"https:\/\/clientes.fernandocarrujo.com\/jfcanaviais\/wp-json\/wp\/v2\/types\/page"}],"author":[{"embeddable":true,"href":"https:\/\/clientes.fernandocarrujo.com\/jfcanaviais\/wp-json\/wp\/v2\/users\/2"}],"replies":[{"embeddable":true,"href":"https:\/\/clientes.fernandocarrujo.com\/jfcanaviais\/wp-json\/wp\/v2\/comments?post=14209"}],"version-history":[{"count":19,"href":"https:\/\/clientes.fernandocarrujo.com\/jfcanaviais\/wp-json\/wp\/v2\/pages\/14209\/revisions"}],"predecessor-version":[{"id":14268,"href":"https:\/\/clientes.fernandocarrujo.com\/jfcanaviais\/wp-json\/wp\/v2\/pages\/14209\/revisions\/14268"}],"wp:attachment":[{"href":"https:\/\/clientes.fernandocarrujo.com\/jfcanaviais\/wp-json\/wp\/v2\/media?parent=14209"}],"curies":[{"name":"wp","href":"https:\/\/api.w.org\/{rel}","templated":true}]}}